{"id":7,"date":"2018-05-21T10:59:07","date_gmt":"2018-05-21T10:59:07","guid":{"rendered":"http:\/\/fooni.fi\/?page_id=7"},"modified":"2021-06-10T10:06:03","modified_gmt":"2021-06-10T10:06:03","slug":"home","status":"publish","type":"page","link":"http:\/\/fooni.fi\/","title":{"rendered":"Fooni"},"content":{"rendered":"<p><strong>Luotettavaa puhelinmyynti\u00e4<\/strong><\/p>\n<p>Olemme osaava ja asiakasyst\u00e4v\u00e4llinen puhelinmyyntiyritys ja tahdomme tuottaa laadukkaita palveluita.<\/p>\n<p>Hinnoittelun sovimme erikseen projektikohtaisesti, hinta voi olla kiinte\u00e4 tai ty\u00f6n tulokseen sidottu.<\/p>\n<p>Meill\u00e4 on:<br \/>\n&#8211; Yli 25 vuoden kokemus puhelinmarkkinoinnista<br \/>\n&#8211; Luotettavuus on t\u00e4rkein arvomme<\/p>\n","protected":false},"excerpt":{"rendered":"<p>Luotettavaa puhelinmyynti\u00e4 Olemme osaava ja asiakasyst\u00e4v\u00e4llinen puhelinmyyntiyritys ja tahdomme tuottaa laadukkaita palveluita. Hinnoittelun sovimme erikseen projektikohtaisesti, hinta voi olla kiinte\u00e4 tai ty\u00f6n tulokseen sidottu. Meill\u00e4 on: &#8211; Yli 25 vuoden kokemus puhelinmarkkinoinnista &#8211; Luotettavuus on t\u00e4rkein arvomme<\/p>\n","protected":false},"author":1,"featured_media":0,"parent":0,"menu_order":0,"comment_status":"closed","ping_status":"closed","template":"","meta":{"footnotes":""},"class_list":["post-7","page","type-page","status-publish","hentry"],"_links":{"self":[{"href":"http:\/\/fooni.fi\/index.php\/wp-json\/wp\/v2\/pages\/7","targetHints":{"allow":["GET"]}}],"collection":[{"href":"http:\/\/fooni.fi\/index.php\/wp-json\/wp\/v2\/pages"}],"about":[{"href":"http:\/\/fooni.fi\/index.php\/wp-json\/wp\/v2\/types\/page"}],"author":[{"embeddable":true,"href":"http:\/\/fooni.fi\/index.php\/wp-json\/wp\/v2\/users\/1"}],"replies":[{"embeddable":true,"href":"http:\/\/fooni.fi\/index.php\/wp-json\/wp\/v2\/comments?post=7"}],"version-history":[{"count":7,"href":"http:\/\/fooni.fi\/index.php\/wp-json\/wp\/v2\/pages\/7\/revisions"}],"predecessor-version":[{"id":46,"href":"http:\/\/fooni.fi\/index.php\/wp-json\/wp\/v2\/pages\/7\/revisions\/46"}],"wp:attachment":[{"href":"http:\/\/fooni.fi\/index.php\/wp-json\/wp\/v2\/media?parent=7"}],"curies":[{"name":"wp","href":"https:\/\/api.w.org\/{rel}","templated":true}]}}